{"id":6035,"date":"2021-03-30T22:43:53","date_gmt":"2021-03-31T04:13:53","guid":{"rendered":"https:\/\/yogaalliance.in\/?page_id=6035"},"modified":"2021-03-30T22:43:53","modified_gmt":"2021-03-31T04:13:53","slug":"francisco-palacios-2","status":"publish","type":"page","link":"https:\/\/yogaalliance.in\/?page_id=6035","title":{"rendered":"Francisco Palacios"},"content":{"rendered":"\n<div class=\"wp-block-media-text alignwide is-stacked-on-mobile is-style-twentytwentyone-border\"><figure class=\"wp-block-media-text__media\"><img loading=\"lazy\" decoding=\"async\" width=\"510\" height=\"502\" src=\"http:\/\/yogaalliance.in\/wp-content\/uploads\/2021\/03\/FRANCISCO-PALACIOS-510x502.png\" alt=\"\" class=\"wp-image-6036 size-full\" srcset=\"https:\/\/yogaalliance.in\/wp-content\/uploads\/2021\/03\/FRANCISCO-PALACIOS-510x502.png 510w, https:\/\/yogaalliance.in\/wp-content\/uploads\/2021\/03\/FRANCISCO-PALACIOS-300x295.png 300w, https:\/\/yogaalliance.in\/wp-content\/uploads\/2021\/03\/FRANCISCO-PALACIOS.png 586w\" sizes=\"auto, (max-width: 510px) 100vw, 510px\" \/><\/figure><div class=\"wp-block-media-text__content\">\n<h2 class=\"has-text-align-center wp-block-heading\">About\u00a0Francisco Palacios<\/h2>\n\n\n\n<hr class=\"wp-block-separator is-style-dots\"\/>\n\n\n\n<p>Profesor certificado de Yoga, fundador de la Escuela Yoga WT Chile, director de Yoga Alliance International (YAI) en Chile, representante de &nbsp;OIYAY, &nbsp;Miembro de Yoga Alliance USA y de IAYT.&nbsp;<br \/><br \/>Desde hace m\u00e1s de 12 a\u00f1os, me he dedicado a impartir clases, talleres y formaciones de profesores de Yoga; en institutos, centros de salud y distintas organizaciones, p\u00fablicas y privadas, tanto en Chile como en otros pa\u00edses de Am\u00e9rica Latina.&nbsp;<br \/><br \/>Comenc\u00e9 el camino en este noble sendero en 1996, practicando e instruy\u00e9ndome en Hatha Yoga, J\u00f1ani Yoga, Bhakti Yoga y Karma Yoga, consideradas las cuatro ramas fundamentales de esta tradici\u00f3n.<br \/><br \/>En Chile, Argentina, M\u00e9xico e India, me instru\u00ed en diversos estilos, tales como:<br \/><br \/>VINYASA KRAMA YOGA<br \/>HATHA YOGA<br \/>PARTNER YOGA<br \/>ACROYOGA<br \/>ASHTANGA YOGA<br \/><br \/>En India,&nbsp;tuve&nbsp;la enriquecedora experiencia de practicar y aprender en&nbsp;diversas&nbsp;escuelas, algunas de ellas:<br \/>&#8211; Krishnamacharya Yoga Mandiram (KYM).<br \/>&#8211; Shri K Pattabhi Jois Ashtanga Yoga Institute (KPJAYI).<br \/>&#8211; Morarji Desai National Institute of Yoga (MDNIY).&nbsp;<br \/><br \/>He sido bendecido con la oportunidad de viajar por Nepal, China, Tailandia, Camboya, etc. meditando en templos hinduistas, budistas y Jainistas, conociendo m\u00e1s profundamente estas ancestrales tradiciones espirituales.&nbsp;<br \/><br \/>El 2013, tuve el honor de ser nombrado Director Yoga Alliance Internacional (YAI India) en Chile, tambi\u00e9n del 2014 a 2015 fu\u00ed director de Yoga Alliance Sudam\u00e9rica y en agosto de 2015, me nombraron Embajador Internacional de YAI India, reconocimiento otorgado en Nueva Delhi, de manos de Swami Vidyanand, fundador de dicho organismo.&nbsp;<\/p>\n\n\n\n<p>Este mismo a\u00f1o tuve el gran honor de recibir de YAI India los t\u00edtulos de Gran Maestro de Vinyasa Yoga y Gran Maestro de Hatha Yoga.&nbsp;<br \/><br \/><strong>Algunas de mis certificaciones:<\/strong>-Registrado como E-RYT 200 hrs (Experienced Registered Yoga Teacher) en Yoga Alliance (USA).<br \/>-Profesor certificado en 200 y 500 horas en Yoga Alliance International YAI (India).<br \/>-Certificado en 300 horas en&nbsp;loknathyoga.<br \/>-Certificado en 1000 horas en Sarva Purnam International Yoga Society (USA).&nbsp;<\/p>\n<\/div><\/div>\n","protected":false},"excerpt":{"rendered":"","protected":false},"author":220383,"featured_media":0,"parent":0,"menu_order":0,"comment_status":"closed","ping_status":"closed","template":"","meta":{"footnotes":"","_links_to":"","_links_to_target":""},"class_list":["post-6035","page","type-page","status-publish","hentry"],"_links":{"self":[{"href":"https:\/\/yogaalliance.in\/index.php?rest_route=\/wp\/v2\/pages\/6035","targetHints":{"allow":["GET"]}}],"collection":[{"href":"https:\/\/yogaalliance.in\/index.php?rest_route=\/wp\/v2\/pages"}],"about":[{"href":"https:\/\/yogaalliance.in\/index.php?rest_route=\/wp\/v2\/types\/page"}],"author":[{"embeddable":true,"href":"https:\/\/yogaalliance.in\/index.php?rest_route=\/wp\/v2\/users\/220383"}],"replies":[{"embeddable":true,"href":"https:\/\/yogaalliance.in\/index.php?rest_route=%2Fwp%2Fv2%2Fcomments&post=6035"}],"version-history":[{"count":0,"href":"https:\/\/yogaalliance.in\/index.php?rest_route=\/wp\/v2\/pages\/6035\/revisions"}],"wp:attachment":[{"href":"https:\/\/yogaalliance.in\/index.php?rest_route=%2Fwp%2Fv2%2Fmedia&parent=6035"}],"curies":[{"name":"wp","href":"https:\/\/api.w.org\/{rel}","templated":true}]}}